{"id":20,"date":"2024-12-29T21:42:21","date_gmt":"2024-12-29T21:42:21","guid":{"rendered":"https:\/\/hiringserbia.com\/?page_id=20"},"modified":"2025-02-13T18:39:33","modified_gmt":"2025-02-13T18:39:33","slug":"kontakt","status":"publish","type":"page","link":"https:\/\/hiringserbia.com\/index.php\/kontakt\/","title":{"rendered":"Kontakt"},"content":{"rendered":"\t\t<div data-elementor-type=\"wp-page\" data-elementor-id=\"20\" class=\"elementor elementor-20\" data-elementor-post-type=\"page\">\n\t\t\t\t<div class=\"elementor-element elementor-element-67c1a99 e-flex e-con-boxed e-con e-parent\" data-id=\"67c1a99\" data-element_type=\"container\">\n\t\t\t\t\t<div class=\"e-con-inner\">\n\t\t\t\t<div class=\"elementor-element elementor-element-43d4f68 elementor-widget elementor-widget-heading\" data-id=\"43d4f68\" data-element_type=\"widget\" data-widget_type=\"heading.default\">\n\t\t\t\t<div class=\"elementor-widget-container\">\n\t\t\t\t\t<h1 class=\"elementor-heading-title elementor-size-default\">Kontaktirajte Nas<\/h1>\t\t\t\t<\/div>\n\t\t\t\t<\/div>\n\t\t\t\t<div class=\"elementor-element elementor-element-d36bdd3 elementor-widget elementor-widget-text-editor\" data-id=\"d36bdd3\" data-element_type=\"widget\" data-widget_type=\"text-editor.default\">\n\t\t\t\t<div class=\"elementor-widget-container\">\n\t\t\t\t\t\t\t\t\t<p>Tu smo da odgovorimo na va\u0161a pitanja i podr\u017eimo va\u0161e poslovanje.<\/p>\t\t\t\t\t\t\t\t<\/div>\n\t\t\t\t<\/div>\n\t\t\t\t\t<\/div>\n\t\t\t\t<\/div>\n\t\t<div class=\"elementor-element elementor-element-7a7d482 e-con-full e-flex e-con e-parent\" data-id=\"7a7d482\" data-element_type=\"container\">\n\t\t\t\t<div class=\"elementor-element elementor-element-c05647f elementor-widget__width-initial elementor-widget elementor-widget-text-editor\" data-id=\"c05647f\" data-element_type=\"widget\" data-widget_type=\"text-editor.default\">\n\t\t\t\t<div class=\"elementor-widget-container\">\n\t\t\t\t\t\t\t\t\t<p><b>Telefon: <a href=\"tel:+381 64 141 91 87\">+381 64 141 91 87<\/a><\/b><\/p><p><b>Email:<\/b> <a href=\"mailto:office@hiringserbia.com\">office@hiringserbia.com<\/a><\/p><p><b>PIB: <\/b>114727017<\/p><p><b>MB: <\/b>22061780<\/p>\t\t\t\t\t\t\t\t<\/div>\n\t\t\t\t<\/div>\n\t\t\t\t<div class=\"elementor-element elementor-element-afb1db7 elementor-widget__width-initial elementor-button-align-stretch elementor-widget elementor-widget-form\" data-id=\"afb1db7\" data-element_type=\"widget\" data-settings=\"{&quot;step_next_label&quot;:&quot;Slede\\u0107e&quot;,&quot;step_previous_label&quot;:&quot;Prethodno&quot;,&quot;button_width&quot;:&quot;100&quot;,&quot;step_type&quot;:&quot;number_text&quot;,&quot;step_icon_shape&quot;:&quot;circle&quot;}\" data-widget_type=\"form.default\">\n\t\t\t\t<div class=\"elementor-widget-container\">\n\t\t\t\t\t\t\t<form class=\"elementor-form\" method=\"post\" name=\"Kontakt SR\">\n\t\t\t<input type=\"hidden\" name=\"post_id\" value=\"20\"\/>\n\t\t\t<input type=\"hidden\" name=\"form_id\" value=\"afb1db7\"\/>\n\t\t\t<input type=\"hidden\" name=\"referer_title\" value=\"Kontakt - HR International\" \/>\n\n\t\t\t\t\t\t\t<input type=\"hidden\" name=\"queried_id\" value=\"20\"\/>\n\t\t\t\n\t\t\t<div class=\"elementor-form-fields-wrapper elementor-labels-above\">\n\t\t\t\t\t\t\t\t<div class=\"elementor-field-type-text elementor-field-group elementor-column elementor-field-group-name elementor-col-100\">\n\t\t\t\t\t\t\t\t\t\t\t\t<label for=\"form-field-name\" class=\"elementor-field-label\">\n\t\t\t\t\t\t\t\tIme\t\t\t\t\t\t\t<\/label>\n\t\t\t\t\t\t\t\t\t\t\t\t\t\t<input size=\"1\" type=\"text\" name=\"form_fields[name]\" id=\"form-field-name\" class=\"elementor-field elementor-size-sm  elementor-field-textual\">\n\t\t\t\t\t\t\t\t\t\t\t<\/div>\n\t\t\t\t\t\t\t\t<div class=\"elementor-field-type-text elementor-field-group elementor-column elementor-field-group-field_8cd516b elementor-col-100\">\n\t\t\t\t\t\t\t\t\t\t\t\t<label for=\"form-field-field_8cd516b\" class=\"elementor-field-label\">\n\t\t\t\t\t\t\t\tIme firme (APR)\t\t\t\t\t\t\t<\/label>\n\t\t\t\t\t\t\t\t\t\t\t\t\t\t<input size=\"1\" type=\"text\" name=\"form_fields[field_8cd516b]\" id=\"form-field-field_8cd516b\" class=\"elementor-field elementor-size-sm  elementor-field-textual\">\n\t\t\t\t\t\t\t\t\t\t\t<\/div>\n\t\t\t\t\t\t\t\t<div class=\"elementor-field-type-email elementor-field-group elementor-column elementor-field-group-email elementor-col-100 elementor-field-required\">\n\t\t\t\t\t\t\t\t\t\t\t\t<label for=\"form-field-email\" class=\"elementor-field-label\">\n\t\t\t\t\t\t\t\tEmail\t\t\t\t\t\t\t<\/label>\n\t\t\t\t\t\t\t\t\t\t\t\t\t\t<input size=\"1\" type=\"email\" name=\"form_fields[email]\" id=\"form-field-email\" class=\"elementor-field elementor-size-sm  elementor-field-textual\" required=\"required\" aria-required=\"true\">\n\t\t\t\t\t\t\t\t\t\t\t<\/div>\n\t\t\t\t\t\t\t\t<div class=\"elementor-field-type-textarea elementor-field-group elementor-column elementor-field-group-message elementor-col-100 elementor-field-required\">\n\t\t\t\t\t\t\t\t\t\t\t\t<label for=\"form-field-message\" class=\"elementor-field-label\">\n\t\t\t\t\t\t\t\tPoruka\t\t\t\t\t\t\t<\/label>\n\t\t\t\t\t\t<textarea class=\"elementor-field-textual elementor-field  elementor-size-sm\" name=\"form_fields[message]\" id=\"form-field-message\" rows=\"4\" required=\"required\" aria-required=\"true\"><\/textarea>\t\t\t\t<\/div>\n\t\t\t\t\t\t\t\t<div class=\"elementor-field-group elementor-column elementor-field-type-submit elementor-col-100 e-form__buttons\">\n\t\t\t\t\t<button class=\"elementor-button elementor-size-sm\" type=\"submit\">\n\t\t\t\t\t\t<span class=\"elementor-button-content-wrapper\">\n\t\t\t\t\t\t\t\t\t\t\t\t\t\t\t\t\t\t\t\t\t\t<span class=\"elementor-button-text\">Po\u0161alji<\/span>\n\t\t\t\t\t\t\t\t\t\t\t\t\t<\/span>\n\t\t\t\t\t<\/button>\n\t\t\t\t<\/div>\n\t\t\t<\/div>\n\t\t<\/form>\n\t\t\t\t\t\t<\/div>\n\t\t\t\t<\/div>\n\t\t\t\t<\/div>\n\t\t<div class=\"elementor-element elementor-element-415242f e-flex e-con-boxed e-con e-parent\" data-id=\"415242f\" data-element_type=\"container\">\n\t\t\t\t\t<div class=\"e-con-inner\">\n\t\t\t\t<div class=\"elementor-element elementor-element-653ea87 elementor-widget elementor-widget-spacer\" data-id=\"653ea87\" data-element_type=\"widget\" data-widget_type=\"spacer.default\">\n\t\t\t\t<div class=\"elementor-widget-container\">\n\t\t\t\t\t\t\t<div class=\"elementor-spacer\">\n\t\t\t<div class=\"elementor-spacer-inner\"><\/div>\n\t\t<\/div>\n\t\t\t\t\t\t<\/div>\n\t\t\t\t<\/div>\n\t\t\t\t\t<\/div>\n\t\t\t\t<\/div>\n\t\t\t\t<\/div>\n\t\t","protected":false},"excerpt":{"rendered":"<p>Kontaktirajte Nas Tu smo da odgovorimo na va\u0161a pitanja i podr\u017eimo va\u0161e poslovanje. Telefon: +381 64 141 91 87 Email: office@hiringserbia.com PIB: 114727017 MB: 22061780<\/p>\n","protected":false},"author":1,"featured_media":0,"parent":0,"menu_order":0,"comment_status":"closed","ping_status":"closed","template":"","meta":{"footnotes":""},"class_list":["post-20","page","type-page","status-publish","hentry"],"yoast_head":"<!-- This site is optimized with the Yoast SEO plugin v24.4 - https:\/\/yoast.com\/wordpress\/plugins\/seo\/ -->\n<title>Kontakt - HR International<\/title>\n<meta name=\"robots\" content=\"index, follow, max-snippet:-1, max-image-preview:large, max-video-preview:-1\" \/>\n<link rel=\"canonical\" href=\"https:\/\/hiringserbia.com\/index.php\/kontakt\/\" \/>\n<meta property=\"og:locale\" content=\"en_US\" \/>\n<meta property=\"og:type\" content=\"article\" \/>\n<meta property=\"og:title\" content=\"Kontakt - HR International\" \/>\n<meta property=\"og:description\" content=\"Kontaktirajte Nas Tu smo da odgovorimo na va\u0161a pitanja i podr\u017eimo va\u0161e poslovanje. Telefon: +381 64 141 91 87 Email: office@hiringserbia.com PIB: 114727017 MB: 22061780\" \/>\n<meta property=\"og:url\" content=\"https:\/\/hiringserbia.com\/index.php\/kontakt\/\" \/>\n<meta property=\"og:site_name\" content=\"HR International\" \/>\n<meta property=\"article:modified_time\" content=\"2025-02-13T18:39:33+00:00\" \/>\n<meta name=\"twitter:card\" content=\"summary_large_image\" \/>\n<meta name=\"twitter:label1\" content=\"Est. reading time\" \/>\n\t<meta name=\"twitter:data1\" content=\"1 minute\" \/>\n<script type=\"application\/ld+json\" class=\"yoast-schema-graph\">{\"@context\":\"https:\/\/schema.org\",\"@graph\":[{\"@type\":\"WebPage\",\"@id\":\"https:\/\/hiringserbia.com\/index.php\/kontakt\/\",\"url\":\"https:\/\/hiringserbia.com\/index.php\/kontakt\/\",\"name\":\"Kontakt - HR International\",\"isPartOf\":{\"@id\":\"https:\/\/hiringserbia.com\/#website\"},\"datePublished\":\"2024-12-29T21:42:21+00:00\",\"dateModified\":\"2025-02-13T18:39:33+00:00\",\"breadcrumb\":{\"@id\":\"https:\/\/hiringserbia.com\/index.php\/kontakt\/#breadcrumb\"},\"inLanguage\":\"en-US\",\"potentialAction\":[{\"@type\":\"ReadAction\",\"target\":[\"https:\/\/hiringserbia.com\/index.php\/kontakt\/\"]}]},{\"@type\":\"BreadcrumbList\",\"@id\":\"https:\/\/hiringserbia.com\/index.php\/kontakt\/#breadcrumb\",\"itemListElement\":[{\"@type\":\"ListItem\",\"position\":1,\"name\":\"Home\",\"item\":\"https:\/\/hiringserbia.com\/\"},{\"@type\":\"ListItem\",\"position\":2,\"name\":\"Kontakt\"}]},{\"@type\":\"WebSite\",\"@id\":\"https:\/\/hiringserbia.com\/#website\",\"url\":\"https:\/\/hiringserbia.com\/\",\"name\":\"HR International\",\"description\":\"\",\"publisher\":{\"@id\":\"https:\/\/hiringserbia.com\/#organization\"},\"potentialAction\":[{\"@type\":\"SearchAction\",\"target\":{\"@type\":\"EntryPoint\",\"urlTemplate\":\"https:\/\/hiringserbia.com\/?s={search_term_string}\"},\"query-input\":{\"@type\":\"PropertyValueSpecification\",\"valueRequired\":true,\"valueName\":\"search_term_string\"}}],\"inLanguage\":\"en-US\"},{\"@type\":\"Organization\",\"@id\":\"https:\/\/hiringserbia.com\/#organization\",\"name\":\"HR International\",\"url\":\"https:\/\/hiringserbia.com\/\",\"logo\":{\"@type\":\"ImageObject\",\"inLanguage\":\"en-US\",\"@id\":\"https:\/\/hiringserbia.com\/#\/schema\/logo\/image\/\",\"url\":\"https:\/\/hiringserbia.com\/wp-content\/uploads\/2024\/12\/Logo-mob.webp\",\"contentUrl\":\"https:\/\/hiringserbia.com\/wp-content\/uploads\/2024\/12\/Logo-mob.webp\",\"width\":200,\"height\":74,\"caption\":\"HR International\"},\"image\":{\"@id\":\"https:\/\/hiringserbia.com\/#\/schema\/logo\/image\/\"}}]}<\/script>\n<!-- \/ Yoast SEO plugin. -->","yoast_head_json":{"title":"Kontakt - HR International","robots":{"index":"index","follow":"follow","max-snippet":"max-snippet:-1","max-image-preview":"max-image-preview:large","max-video-preview":"max-video-preview:-1"},"canonical":"https:\/\/hiringserbia.com\/index.php\/kontakt\/","og_locale":"en_US","og_type":"article","og_title":"Kontakt - HR International","og_description":"Kontaktirajte Nas Tu smo da odgovorimo na va\u0161a pitanja i podr\u017eimo va\u0161e poslovanje. Telefon: +381 64 141 91 87 Email: office@hiringserbia.com PIB: 114727017 MB: 22061780","og_url":"https:\/\/hiringserbia.com\/index.php\/kontakt\/","og_site_name":"HR International","article_modified_time":"2025-02-13T18:39:33+00:00","twitter_card":"summary_large_image","twitter_misc":{"Est. reading time":"1 minute"},"schema":{"@context":"https:\/\/schema.org","@graph":[{"@type":"WebPage","@id":"https:\/\/hiringserbia.com\/index.php\/kontakt\/","url":"https:\/\/hiringserbia.com\/index.php\/kontakt\/","name":"Kontakt - HR International","isPartOf":{"@id":"https:\/\/hiringserbia.com\/#website"},"datePublished":"2024-12-29T21:42:21+00:00","dateModified":"2025-02-13T18:39:33+00:00","breadcrumb":{"@id":"https:\/\/hiringserbia.com\/index.php\/kontakt\/#breadcrumb"},"inLanguage":"en-US","potentialAction":[{"@type":"ReadAction","target":["https:\/\/hiringserbia.com\/index.php\/kontakt\/"]}]},{"@type":"BreadcrumbList","@id":"https:\/\/hiringserbia.com\/index.php\/kontakt\/#breadcrumb","itemListElement":[{"@type":"ListItem","position":1,"name":"Home","item":"https:\/\/hiringserbia.com\/"},{"@type":"ListItem","position":2,"name":"Kontakt"}]},{"@type":"WebSite","@id":"https:\/\/hiringserbia.com\/#website","url":"https:\/\/hiringserbia.com\/","name":"HR International","description":"","publisher":{"@id":"https:\/\/hiringserbia.com\/#organization"},"potentialAction":[{"@type":"SearchAction","target":{"@type":"EntryPoint","urlTemplate":"https:\/\/hiringserbia.com\/?s={search_term_string}"},"query-input":{"@type":"PropertyValueSpecification","valueRequired":true,"valueName":"search_term_string"}}],"inLanguage":"en-US"},{"@type":"Organization","@id":"https:\/\/hiringserbia.com\/#organization","name":"HR International","url":"https:\/\/hiringserbia.com\/","logo":{"@type":"ImageObject","inLanguage":"en-US","@id":"https:\/\/hiringserbia.com\/#\/schema\/logo\/image\/","url":"https:\/\/hiringserbia.com\/wp-content\/uploads\/2024\/12\/Logo-mob.webp","contentUrl":"https:\/\/hiringserbia.com\/wp-content\/uploads\/2024\/12\/Logo-mob.webp","width":200,"height":74,"caption":"HR International"},"image":{"@id":"https:\/\/hiringserbia.com\/#\/schema\/logo\/image\/"}}]}},"_links":{"self":[{"href":"https:\/\/hiringserbia.com\/index.php\/wp-json\/wp\/v2\/pages\/20","targetHints":{"allow":["GET"]}}],"collection":[{"href":"https:\/\/hiringserbia.com\/index.php\/wp-json\/wp\/v2\/pages"}],"about":[{"href":"https:\/\/hiringserbia.com\/index.php\/wp-json\/wp\/v2\/types\/page"}],"author":[{"embeddable":true,"href":"https:\/\/hiringserbia.com\/index.php\/wp-json\/wp\/v2\/users\/1"}],"replies":[{"embeddable":true,"href":"https:\/\/hiringserbia.com\/index.php\/wp-json\/wp\/v2\/comments?post=20"}],"version-history":[{"count":79,"href":"https:\/\/hiringserbia.com\/index.php\/wp-json\/wp\/v2\/pages\/20\/revisions"}],"predecessor-version":[{"id":905,"href":"https:\/\/hiringserbia.com\/index.php\/wp-json\/wp\/v2\/pages\/20\/revisions\/905"}],"wp:attachment":[{"href":"https:\/\/hiringserbia.com\/index.php\/wp-json\/wp\/v2\/media?parent=20"}],"curies":[{"name":"wp","href":"https:\/\/api.w.org\/{rel}","templated":true}]}}